{"id":2,"date":"2013-05-24T03:10:58","date_gmt":"2013-05-24T03:10:58","guid":{"rendered":"http:\/\/laproleestuvieja.com\/?page_id=2"},"modified":"2021-02-06T19:19:54","modified_gmt":"2021-02-07T00:19:54","slug":"sample-page","status":"publish","type":"page","link":"https:\/\/www.renzogonzalez.com\/laproleestuvieja\/","title":{"rendered":""},"content":{"rendered":"\n<p>LA PROLE es una historieta que comenc\u00e9 a dibujar a fines de <strong>1995<\/strong>, en pleno quinto de secundaria, exagerando lo que suced\u00eda en el barrio de <strong>Salguero<\/strong>, en forma de historias autoconclusivas (basadas en hechos reales -y no tan reales- desde la perspectiva que te brinda una botella de Cienfuegos, Onza de Oro o sangr\u00eda Naranjuelo).<\/p>\n\n\n\n<div class=\"wp-block-image\"><figure class=\"aligncenter size-large is-resized\"><img loading=\"lazy\" decoding=\"async\" src=\"https:\/\/live.staticflickr.com\/65535\/8805672563_5d616aedba_o.jpg\" alt=\"\" width=\"950\" height=\"1330\"\/><\/figure><\/div>\n\n\n\n<p>Un d\u00eda pas\u00f3 de ser un pasatiempo huevero, de dibujar borracho o estonazo en una banca de parque mientras hac\u00eda hora para seguir la destrucci\u00f3n en alg\u00fan otro lado, a ser publicadas mis historietas en el fanzine <em>CrashBoomZap<\/em>, en mayo del 2000. <\/p>\n\n\n\n<p>Aunque ya ten\u00eda una web (en los famosos freeservers) desde el a\u00f1o 97, en el a\u00f1o 98 decido sacar un fanzine llamado POSER que conten\u00eda un manifesto personal y las primeras historias de La Prole, y a partir de salir publicada en formato impreso <strong>La Prole<\/strong> se hizo m\u00e1s conocida, y en los siguientes a\u00f1os se publicar\u00edan en un par de revistas m\u00e1s incluyendo la desaparecida <em>Esquina Rock<\/em> en el 2005.<\/p>\n\n\n\n<p>Alrededor del a\u00f1o <strong>1999<\/strong> recib\u00ed un email de mi causa Jose, que no s\u00e9 c\u00f3mo cay\u00f3 en la web de La Prole, pero me di\u00f3 buenas cr\u00edticas respecto a cuidar la resoluci\u00f3n y me confirm\u00f3 eso que &#8220;<em><strong>en todo barrio siempre hay una prole<\/strong><\/em>&#8220;.<\/p>\n\n\n\n<div class=\"wp-block-image\"><figure class=\"aligncenter size-large is-resized\"><img loading=\"lazy\" decoding=\"async\" src=\"https:\/\/live.staticflickr.com\/65535\/50915994447_b89c8468df_o.jpg\" alt=\"\" width=\"600\" height=\"801\"\/><\/figure><\/div>\n\n\n\n<p>Este es el cuaderno original, donde se hicieron los primeros dibujos en el a\u00f1o 95. Rotado por muchos barrios y harta gente&#8230;<\/p>\n","protected":false},"excerpt":{"rendered":"<p>LA PROLE es una historieta que comenc\u00e9 a dibujar a fines de 1995, en pleno quinto de secundaria, exagerando lo que suced\u00eda en el barrio de Salguero, en forma de historias autoconclusivas (basadas en hechos reales -y no tan reales- desde la perspectiva que te brinda una botella de Cienfuegos, Onza de Oro o sangr\u00eda [&hellip;]<\/p>\n","protected":false},"author":1,"featured_media":0,"parent":0,"menu_order":0,"comment_status":"closed","ping_status":"closed","template":"templates\/template-full-width.php","meta":{"footnotes":""},"_links":{"self":[{"href":"https:\/\/www.renzogonzalez.com\/laproleestuvieja\/wp-json\/wp\/v2\/pages\/2"}],"collection":[{"href":"https:\/\/www.renzogonzalez.com\/laproleestuvieja\/wp-json\/wp\/v2\/pages"}],"about":[{"href":"https:\/\/www.renzogonzalez.com\/laproleestuvieja\/wp-json\/wp\/v2\/types\/page"}],"author":[{"embeddable":true,"href":"https:\/\/www.renzogonzalez.com\/laproleestuvieja\/wp-json\/wp\/v2\/users\/1"}],"replies":[{"embeddable":true,"href":"https:\/\/www.renzogonzalez.com\/laproleestuvieja\/wp-json\/wp\/v2\/comments?post=2"}],"version-history":[{"count":22,"href":"https:\/\/www.renzogonzalez.com\/laproleestuvieja\/wp-json\/wp\/v2\/pages\/2\/revisions"}],"predecessor-version":[{"id":190,"href":"https:\/\/www.renzogonzalez.com\/laproleestuvieja\/wp-json\/wp\/v2\/pages\/2\/revisions\/190"}],"wp:attachment":[{"href":"https:\/\/www.renzogonzalez.com\/laproleestuvieja\/wp-json\/wp\/v2\/media?parent=2"}],"curies":[{"name":"wp","href":"https:\/\/api.w.org\/{rel}","templated":true}]}}